{"id":4,"date":"2016-08-26T09:25:16","date_gmt":"2016-08-26T07:25:16","guid":{"rendered":"http:\/\/lasic-company.hr\/?page_id=4"},"modified":"2026-05-05T23:31:53","modified_gmt":"2026-05-05T21:31:53","slug":"home","status":"publish","type":"page","link":"https:\/\/lasic-company.hr\/","title":{"rendered":"NASLOVNICA"},"content":{"rendered":"<p><section   class=\"fw-main-row-custom fw-main-row-top  fw-section-height-custom  fw-section-position-back tf-sh-db0d36df75075736380eaa0a78d8ac39\"  style=\" height: 650px;\"  >\n\t\t\t<div class=\"fw-container\" >\n\t\t<div class=\"fw-row\">\n\t<div id=\"column-6a0944d43b914\" class=\"fw-col-sm-12 tf-sh-3af86ba5e9b484c7f43e0edbe6821d17\" >\n\t<div class=\"fw-wrap-col-inner clearfix  \"   >\n\t\t\t\t<div class=\"fw-col-inner\">\n\t\t\t<div class=\"fw-divider-space space-md  clearfix\"  ><\/div>\t<div  class=\"fw-divider tf-sh-25242f82476fb6383f6347e3c64d0756  fw-divider-align-center fw-divider-full-width fw-divider-space clearfix space-md  fw_theme_border_only_fw-custom\"  style=\"width: auto;  \" ><\/div>\n<div class=\"fw-divider-space space-md  clearfix\"  ><\/div>\t\t<\/div>\n\t<\/div>\n<\/div><\/div>\n\n<div class=\"fw-row\">\n\t<div id=\"column-6a0944d43bf49\" class=\"fw-col-sm-12 tf-sh-c044cbec79c25756ee36a73bdb43f3d4\" >\n\t<div class=\"fw-wrap-col-inner clearfix  \"   >\n\t\t\t\t<div class=\"fw-col-inner\">\n\t\t\t<div class=\"fw-divider-space space-md  clearfix\"  ><\/div>\t<div class=\"fw-easy-carousel tf-sh-4c8301c976b912b3a14bb9031e298ffb fw-tablet-landscape-hide-element fw-tablet-hide-element\">\n\t\t<ul class=\"fw-easy-carousel-items\" id=\"tf-sh-4c8301c976b912b3a14bb9031e298ffb182\" data-play=\"true\" data-slides-interval=\"4000\">\n\t\t\t\t\t\t\t<li data-easy-carousel=\"1\">\n\t\t\t\t\t<div class=\"fw-block-image-parent\">\n\t\t\t\t\t\t<div class=\"fw-block-image-child fw-ratio-16-9 fw-ratio-container\"><noscript itemscope itemtype=\"https:\/\/schema.org\/ImageObject\" itemprop=\"image\"><img decoding=\"async\" src=\"https:\/\/lasic-company.hr\/wp-content\/uploads\/2017\/08\/1.jpg\"  alt=\"Lasic Company Strojevi 1\" data-maxdpr=\"1.7\" class=\"attachment-post-thumbnail lazyload\" \/><meta itemprop=\"url\" content=\"https:\/\/lasic-company.hr\/wp-content\/uploads\/2017\/08\/1.jpg\"><meta itemprop=\"width\" content=\"4128\"><meta itemprop=\"height\" content=\"3096\"><\/noscript><img decoding=\"async\" src=\"data:image\/gif;base64,R0lGODlhAQABAIAAAAAAAP\/\/\/yH5BAEAAAAALAAAAAABAAEAAAIBRAA7\" data-sizes=\"auto\" data-srcset=\"https:\/\/lasic-company.hr\/wp-content\/uploads\/2017\/08\/1-1228x691.jpg 1228w, https:\/\/lasic-company.hr\/wp-content\/uploads\/2017\/08\/1-614x346.jpg 614w, https:\/\/lasic-company.hr\/wp-content\/uploads\/2017\/08\/1-295x166.jpg 295w, https:\/\/lasic-company.hr\/wp-content\/uploads\/2017\/08\/1-590x332.jpg 590w\"   alt=\"Lasic Company Strojevi 1\" data-maxdpr=\"1.7\" class=\"attachment-post-thumbnail lazyload\" \/><\/div>\t\t\t\t\t<\/div>\n\t\t\t\t<\/li>\n\t\t\t\t\t\t\t<li data-easy-carousel=\"1\">\n\t\t\t\t\t<div class=\"fw-block-image-parent\">\n\t\t\t\t\t\t<div class=\"fw-block-image-child fw-ratio-16-9 fw-ratio-container\"><noscript itemscope itemtype=\"https:\/\/schema.org\/ImageObject\" itemprop=\"image\"><img decoding=\"async\" src=\"https:\/\/lasic-company.hr\/wp-content\/uploads\/2017\/08\/2-e1502394319370.jpg\"  alt=\"Lasic Company Strojevi 2\" data-maxdpr=\"1.7\" class=\"attachment-post-thumbnail lazyload\" \/><meta itemprop=\"url\" content=\"https:\/\/lasic-company.hr\/wp-content\/uploads\/2017\/08\/2-e1502394319370.jpg\"><meta itemprop=\"width\" content=\"600\"><meta itemprop=\"height\" content=\"450\"><\/noscript><img decoding=\"async\" src=\"data:image\/gif;base64,R0lGODlhAQABAIAAAAAAAP\/\/\/yH5BAEAAAAALAAAAAABAAEAAAIBRAA7\" data-sizes=\"auto\" data-srcset=\"https:\/\/lasic-company.hr\/wp-content\/uploads\/2017\/08\/2-614x346.jpg 614w, https:\/\/lasic-company.hr\/wp-content\/uploads\/2017\/08\/2-295x166.jpg 295w, https:\/\/lasic-company.hr\/wp-content\/uploads\/2017\/08\/2-590x332.jpg 590w\"   alt=\"Lasic Company Strojevi 2\" data-maxdpr=\"1.7\" class=\"attachment-post-thumbnail lazyload\" \/><\/div>\t\t\t\t\t<\/div>\n\t\t\t\t<\/li>\n\t\t\t\t\t\t\t<li data-easy-carousel=\"1\">\n\t\t\t\t\t<div class=\"fw-block-image-parent\">\n\t\t\t\t\t\t<div class=\"fw-block-image-child fw-ratio-16-9 fw-ratio-container\"><noscript itemscope itemtype=\"https:\/\/schema.org\/ImageObject\" itemprop=\"image\"><img decoding=\"async\" src=\"https:\/\/lasic-company.hr\/wp-content\/uploads\/2017\/08\/3.jpg\"  alt=\"Lasic Company Strojevi 3\" data-maxdpr=\"1.7\" class=\"attachment-post-thumbnail lazyload\" \/><meta itemprop=\"url\" content=\"https:\/\/lasic-company.hr\/wp-content\/uploads\/2017\/08\/3.jpg\"><meta itemprop=\"width\" content=\"4128\"><meta itemprop=\"height\" content=\"3096\"><\/noscript><img decoding=\"async\" src=\"data:image\/gif;base64,R0lGODlhAQABAIAAAAAAAP\/\/\/yH5BAEAAAAALAAAAAABAAEAAAIBRAA7\" data-sizes=\"auto\" data-srcset=\"https:\/\/lasic-company.hr\/wp-content\/uploads\/2017\/08\/3-1228x691.jpg 1228w, https:\/\/lasic-company.hr\/wp-content\/uploads\/2017\/08\/3-614x346.jpg 614w, https:\/\/lasic-company.hr\/wp-content\/uploads\/2017\/08\/3-295x166.jpg 295w, https:\/\/lasic-company.hr\/wp-content\/uploads\/2017\/08\/3-590x332.jpg 590w\"   alt=\"Lasic Company Strojevi 3\" data-maxdpr=\"1.7\" class=\"attachment-post-thumbnail lazyload\" \/><\/div>\t\t\t\t\t<\/div>\n\t\t\t\t<\/li>\n\t\t\t\t\t\t\t<li data-easy-carousel=\"1\">\n\t\t\t\t\t<div class=\"fw-block-image-parent\">\n\t\t\t\t\t\t<div class=\"fw-block-image-child fw-ratio-16-9 fw-ratio-container\"><noscript itemscope itemtype=\"https:\/\/schema.org\/ImageObject\" itemprop=\"image\"><img decoding=\"async\" src=\"https:\/\/lasic-company.hr\/wp-content\/uploads\/2017\/08\/4.jpg\"  alt=\"Lasic Company Strojevi 4\" data-maxdpr=\"1.7\" class=\"attachment-post-thumbnail lazyload\" \/><meta itemprop=\"url\" content=\"https:\/\/lasic-company.hr\/wp-content\/uploads\/2017\/08\/4.jpg\"><meta itemprop=\"width\" content=\"4128\"><meta itemprop=\"height\" content=\"3096\"><\/noscript><img decoding=\"async\" src=\"data:image\/gif;base64,R0lGODlhAQABAIAAAAAAAP\/\/\/yH5BAEAAAAALAAAAAABAAEAAAIBRAA7\" data-sizes=\"auto\" data-srcset=\"https:\/\/lasic-company.hr\/wp-content\/uploads\/2017\/08\/4-1228x691.jpg 1228w, https:\/\/lasic-company.hr\/wp-content\/uploads\/2017\/08\/4-614x346.jpg 614w, https:\/\/lasic-company.hr\/wp-content\/uploads\/2017\/08\/4-295x166.jpg 295w, https:\/\/lasic-company.hr\/wp-content\/uploads\/2017\/08\/4-590x332.jpg 590w\"   alt=\"Lasic Company Strojevi 4\" data-maxdpr=\"1.7\" class=\"attachment-post-thumbnail lazyload\" \/><\/div>\t\t\t\t\t<\/div>\n\t\t\t\t<\/li>\n\t\t\t\t\t\t\t<li data-easy-carousel=\"1\">\n\t\t\t\t\t<div class=\"fw-block-image-parent\">\n\t\t\t\t\t\t<div class=\"fw-block-image-child fw-ratio-16-9 fw-ratio-container\"><noscript itemscope itemtype=\"https:\/\/schema.org\/ImageObject\" itemprop=\"image\"><img decoding=\"async\" src=\"https:\/\/lasic-company.hr\/wp-content\/uploads\/2017\/08\/5.jpg\"  alt=\"Lasic Company Strojevi 5\" data-maxdpr=\"1.7\" class=\"attachment-post-thumbnail lazyload\" \/><meta itemprop=\"url\" content=\"https:\/\/lasic-company.hr\/wp-content\/uploads\/2017\/08\/5.jpg\"><meta itemprop=\"width\" content=\"4128\"><meta itemprop=\"height\" content=\"3096\"><\/noscript><img decoding=\"async\" src=\"data:image\/gif;base64,R0lGODlhAQABAIAAAAAAAP\/\/\/yH5BAEAAAAALAAAAAABAAEAAAIBRAA7\" data-sizes=\"auto\" data-srcset=\"https:\/\/lasic-company.hr\/wp-content\/uploads\/2017\/08\/5-1228x691.jpg 1228w, https:\/\/lasic-company.hr\/wp-content\/uploads\/2017\/08\/5-614x346.jpg 614w, https:\/\/lasic-company.hr\/wp-content\/uploads\/2017\/08\/5-295x166.jpg 295w, https:\/\/lasic-company.hr\/wp-content\/uploads\/2017\/08\/5-590x332.jpg 590w\"   alt=\"Lasic Company Strojevi 5\" data-maxdpr=\"1.7\" class=\"attachment-post-thumbnail lazyload\" \/><\/div>\t\t\t\t\t<\/div>\n\t\t\t\t<\/li>\n\t\t\t\t\t\t\t<li data-easy-carousel=\"1\">\n\t\t\t\t\t<div class=\"fw-block-image-parent\">\n\t\t\t\t\t\t<div class=\"fw-block-image-child fw-ratio-16-9 fw-ratio-container\"><noscript itemscope itemtype=\"https:\/\/schema.org\/ImageObject\" itemprop=\"image\"><img decoding=\"async\" src=\"https:\/\/lasic-company.hr\/wp-content\/uploads\/2017\/08\/6.jpg\"  alt=\"Lasic Company Strojevi 6\" data-maxdpr=\"1.7\" class=\"attachment-post-thumbnail lazyload\" \/><meta itemprop=\"url\" content=\"https:\/\/lasic-company.hr\/wp-content\/uploads\/2017\/08\/6.jpg\"><meta itemprop=\"width\" content=\"4128\"><meta itemprop=\"height\" content=\"3096\"><\/noscript><img decoding=\"async\" src=\"data:image\/gif;base64,R0lGODlhAQABAIAAAAAAAP\/\/\/yH5BAEAAAAALAAAAAABAAEAAAIBRAA7\" data-sizes=\"auto\" data-srcset=\"https:\/\/lasic-company.hr\/wp-content\/uploads\/2017\/08\/6-1228x691.jpg 1228w, https:\/\/lasic-company.hr\/wp-content\/uploads\/2017\/08\/6-614x346.jpg 614w, https:\/\/lasic-company.hr\/wp-content\/uploads\/2017\/08\/6-295x166.jpg 295w, https:\/\/lasic-company.hr\/wp-content\/uploads\/2017\/08\/6-590x332.jpg 590w\"   alt=\"Lasic Company Strojevi 6\" data-maxdpr=\"1.7\" class=\"attachment-post-thumbnail lazyload\" \/><\/div>\t\t\t\t\t<\/div>\n\t\t\t\t<\/li>\n\t\t\t\t\t\t\t<li data-easy-carousel=\"1\">\n\t\t\t\t\t<div class=\"fw-block-image-parent\">\n\t\t\t\t\t\t<div class=\"fw-block-image-child fw-ratio-16-9 fw-ratio-container\"><noscript itemscope itemtype=\"https:\/\/schema.org\/ImageObject\" itemprop=\"image\"><img decoding=\"async\" src=\"https:\/\/lasic-company.hr\/wp-content\/uploads\/2017\/08\/7.jpg\"  alt=\"Lasic Company Strojevi 7\" data-maxdpr=\"1.7\" class=\"attachment-post-thumbnail lazyload\" \/><meta itemprop=\"url\" content=\"https:\/\/lasic-company.hr\/wp-content\/uploads\/2017\/08\/7.jpg\"><meta itemprop=\"width\" content=\"4224\"><meta itemprop=\"height\" content=\"2368\"><\/noscript><img decoding=\"async\" src=\"data:image\/gif;base64,R0lGODlhAQABAIAAAAAAAP\/\/\/yH5BAEAAAAALAAAAAABAAEAAAIBRAA7\" data-sizes=\"auto\" data-srcset=\"https:\/\/lasic-company.hr\/wp-content\/uploads\/2017\/08\/7-300x168.jpg 300w, https:\/\/lasic-company.hr\/wp-content\/uploads\/2017\/08\/7-768x431.jpg 768w, https:\/\/lasic-company.hr\/wp-content\/uploads\/2017\/08\/7-1024x574.jpg 1024w, https:\/\/lasic-company.hr\/wp-content\/uploads\/2017\/08\/7-1228x691.jpg 1228w, https:\/\/lasic-company.hr\/wp-content\/uploads\/2017\/08\/7-614x346.jpg 614w, https:\/\/lasic-company.hr\/wp-content\/uploads\/2017\/08\/7-295x166.jpg 295w, https:\/\/lasic-company.hr\/wp-content\/uploads\/2017\/08\/7-590x332.jpg 590w, https:\/\/lasic-company.hr\/wp-content\/uploads\/2017\/08\/7.jpg 4224w\"   alt=\"Lasic Company Strojevi 7\" data-maxdpr=\"1.7\" class=\"attachment-post-thumbnail lazyload\" \/><\/div>\t\t\t\t\t<\/div>\n\t\t\t\t<\/li>\n\t\t\t\t\t\t\t<li data-easy-carousel=\"1\">\n\t\t\t\t\t<div class=\"fw-block-image-parent\">\n\t\t\t\t\t\t<div class=\"fw-block-image-child fw-ratio-16-9 fw-ratio-container\"><noscript itemscope itemtype=\"https:\/\/schema.org\/ImageObject\" itemprop=\"image\"><img decoding=\"async\" src=\"https:\/\/lasic-company.hr\/wp-content\/uploads\/2017\/08\/10.jpg\"  alt=\"Lasic Company Strojevi 10\" data-maxdpr=\"1.7\" class=\"attachment-post-thumbnail lazyload\" \/><meta itemprop=\"url\" content=\"https:\/\/lasic-company.hr\/wp-content\/uploads\/2017\/08\/10.jpg\"><meta itemprop=\"width\" content=\"4128\"><meta itemprop=\"height\" content=\"3096\"><\/noscript><img decoding=\"async\" src=\"data:image\/gif;base64,R0lGODlhAQABAIAAAAAAAP\/\/\/yH5BAEAAAAALAAAAAABAAEAAAIBRAA7\" data-sizes=\"auto\" data-srcset=\"https:\/\/lasic-company.hr\/wp-content\/uploads\/2017\/08\/10-1228x691.jpg 1228w, https:\/\/lasic-company.hr\/wp-content\/uploads\/2017\/08\/10-614x346.jpg 614w, https:\/\/lasic-company.hr\/wp-content\/uploads\/2017\/08\/10-295x166.jpg 295w, https:\/\/lasic-company.hr\/wp-content\/uploads\/2017\/08\/10-590x332.jpg 590w\"   alt=\"Lasic Company Strojevi 10\" data-maxdpr=\"1.7\" class=\"attachment-post-thumbnail lazyload\" \/><\/div>\t\t\t\t\t<\/div>\n\t\t\t\t<\/li>\n\t\t\t\t\t\t\t<li data-easy-carousel=\"1\">\n\t\t\t\t\t<div class=\"fw-block-image-parent\">\n\t\t\t\t\t\t<div class=\"fw-block-image-child fw-ratio-16-9 fw-ratio-container\"><noscript itemscope itemtype=\"https:\/\/schema.org\/ImageObject\" itemprop=\"image\"><img decoding=\"async\" src=\"https:\/\/lasic-company.hr\/wp-content\/uploads\/2017\/08\/9.jpg\"  alt=\"Lasic Company Strojevi 9\" data-maxdpr=\"1.7\" class=\"attachment-post-thumbnail lazyload\" \/><meta itemprop=\"url\" content=\"https:\/\/lasic-company.hr\/wp-content\/uploads\/2017\/08\/9.jpg\"><meta itemprop=\"width\" content=\"4128\"><meta itemprop=\"height\" content=\"3096\"><\/noscript><img decoding=\"async\" src=\"data:image\/gif;base64,R0lGODlhAQABAIAAAAAAAP\/\/\/yH5BAEAAAAALAAAAAABAAEAAAIBRAA7\" data-sizes=\"auto\" data-srcset=\"https:\/\/lasic-company.hr\/wp-content\/uploads\/2017\/08\/9-1228x691.jpg 1228w, https:\/\/lasic-company.hr\/wp-content\/uploads\/2017\/08\/9-614x346.jpg 614w, https:\/\/lasic-company.hr\/wp-content\/uploads\/2017\/08\/9-295x166.jpg 295w, https:\/\/lasic-company.hr\/wp-content\/uploads\/2017\/08\/9-590x332.jpg 590w\"   alt=\"Lasic Company Strojevi 9\" data-maxdpr=\"1.7\" class=\"attachment-post-thumbnail lazyload\" \/><\/div>\t\t\t\t\t<\/div>\n\t\t\t\t<\/li>\n\t\t\t\t\t\t\t<li data-easy-carousel=\"1\">\n\t\t\t\t\t<div class=\"fw-block-image-parent\">\n\t\t\t\t\t\t<div class=\"fw-block-image-child fw-ratio-16-9 fw-ratio-container\"><noscript itemscope itemtype=\"https:\/\/schema.org\/ImageObject\" itemprop=\"image\"><img decoding=\"async\" src=\"https:\/\/lasic-company.hr\/wp-content\/uploads\/2017\/08\/12.jpg\"  alt=\"Lasic Company Strojevi 12\" data-maxdpr=\"1.7\" class=\"attachment-post-thumbnail lazyload\" \/><meta itemprop=\"url\" content=\"https:\/\/lasic-company.hr\/wp-content\/uploads\/2017\/08\/12.jpg\"><meta itemprop=\"width\" content=\"4128\"><meta itemprop=\"height\" content=\"3096\"><\/noscript><img decoding=\"async\" src=\"data:image\/gif;base64,R0lGODlhAQABAIAAAAAAAP\/\/\/yH5BAEAAAAALAAAAAABAAEAAAIBRAA7\" data-sizes=\"auto\" data-srcset=\"https:\/\/lasic-company.hr\/wp-content\/uploads\/2017\/08\/12-1228x691.jpg 1228w, https:\/\/lasic-company.hr\/wp-content\/uploads\/2017\/08\/12-614x346.jpg 614w, https:\/\/lasic-company.hr\/wp-content\/uploads\/2017\/08\/12-295x166.jpg 295w, https:\/\/lasic-company.hr\/wp-content\/uploads\/2017\/08\/12-590x332.jpg 590w\"   alt=\"Lasic Company Strojevi 12\" data-maxdpr=\"1.7\" class=\"attachment-post-thumbnail lazyload\" \/><\/div>\t\t\t\t\t<\/div>\n\t\t\t\t<\/li>\n\t\t\t\t\t<\/ul>\n\t\t<a id=\"tf-sh-4c8301c976b912b3a14bb9031e298ffb182-prev\" class=\"prev\" href=\"#\"><i class=\"fw-easy-carousel-icon-left\"><\/i><\/a>\n\t\t<a id=\"tf-sh-4c8301c976b912b3a14bb9031e298ffb182-next\" class=\"next\" href=\"#\"><i class=\"fw-easy-carousel-icon-right\"><\/i><\/a>\n\t<\/div>\n<div class=\"fw-divider-space space-md  clearfix\"  ><\/div>\t\t<\/div>\n\t<\/div>\n<\/div><\/div>\n\n\t<\/div>\n\t<\/section><section   class=\"fw-main-row  auto  fw-section-position-back\"    >\n\t\t\t<div class=\"fw-container\" >\n\t\t<div class=\"fw-row\">\n\t<div id=\"column-6a0944d43e8d3\" class=\"fw-col-sm-12 tf-sh-160a6d27ef851cc9fca01b5863f618c0\" >\n\t<div class=\"fw-wrap-col-inner clearfix  \"   >\n\t\t\t\t<div class=\"fw-col-inner\">\n\t\t\t<div class=\"fw-divider-space space-md  clearfix\"  ><\/div><div class=\"fw-heading fw-heading-left  tf-sh-da6e0903a1b6b579284aae95a65d45fe\" >\n\t\t\t<h2 class=\"fw-special-title\">NASLOVNICA<\/h2>\n\t\n\t\n\t<\/div><div class=\"fw-divider-space space-md  clearfix\"  ><\/div><div class=\"fw-text-box tf-sh-36e5af4231ca839ba61367be691d7526 \" >\n\t<div class=\"fw-text-inner\">\n\t\t<p><strong>LASI\u0106 COMPANY<\/strong> <strong>d.o.o.<\/strong> za graditeljstvo, prijevoz, trgovinu, izradu nacrta (projektiranje) objekata, nadzor nad gradnjom, me\u0111unarodni i unutarnji prijevoz tereta u cestovnom prometu je tvrtka koja djeluje od 1998. godine.<\/p>\n<p>Od dana osnutka na\u0161 strategijski cilj i mjerilo uspjeha je <strong>zadovoljstvo klijenta i krajnjeg korisnika<\/strong>.<\/p>\n<p><strong>LASI\u0106 COMPANY<\/strong> <strong>d.o.o.<\/strong> zapo\u0161ljava preko <strong>45 djelatnika<\/strong> razli\u010ditih profila za specifi\u010dna podru\u010dja djelatnosti.<\/p>\n<p>Zapo\u0161ljavamo djelatnike raznih struka i stupnjeva obrazovanja koji su stru\u010dno obrazovani i osposobljeni za izvo\u0111enje najzahtjevnijih vrsta gra\u0111evinskih radova.<\/p>\n\t<\/div>\n<\/div><div class=\"fw-divider-space space-md  clearfix\"  ><\/div>\t\t<\/div>\n\t<\/div>\n<\/div><\/div>\n\n<div class=\"fw-row\">\n\t<div id=\"column-6a0944d43efc9\" class=\"fw-col-sm-12 tf-sh-5d8479594e75e9d1eb10ce0d959024c5\" >\n\t<div class=\"fw-wrap-col-inner clearfix  \"   >\n\t\t\t\t<div class=\"fw-col-inner\">\n\t\t\t<div class=\"fw-divider-space space-md  clearfix\"  ><\/div>\t<div  class=\"fw-divider tf-sh-53cb4c40baf75c2f448bcba5914ee2b1  fw-divider-align-center fw-divider-full-width fw-line-double fw-divider-line space-lg  fw_theme_border_only_color_1\"  style=\"width: auto;  \" ><\/div>\n<div class=\"fw-divider-space space-md  clearfix\"  ><\/div>\t\t<\/div>\n\t<\/div>\n<\/div><\/div>\n\n<div class=\"fw-row\">\n\t<div id=\"column-6a0944d43f572\" class=\"fw-col-sm-12 tf-sh-4222cfa16657845fe9c552e13a0d8d37  fw-animated-element\" data-animation-type=\"fadeInUp\" data-animation-delay=\"200\">\n\t<div class=\"fw-wrap-col-inner clearfix  \"   >\n\t\t\t\t<div class=\"fw-col-inner\">\n\t\t\t<div class=\"fw-icon-title fw-icon-title-left clearfix tf-sh-0c0308321392de012cd88258d09821d2  fw-content-align-left\" >\n\t\t\t<div class=\"fw-icon-title-name\">\n\t\t\t<div class=\"fw-icon-title-name-inner\">\n\t\t\t\t\t\t\t\t\t<span class=\"fw-icon-title-icon \">\n\t\t\t\t\t\t\t\t\t\t\t\t\t<i class=\"fa fa-mortar-board\"><\/i>\t\t\t\t\t\t\t\t\t\t\t<\/span>\n\t\t\t\t\n\t\t\t\t\t\t\t<\/div>\n\t\t<\/div>\n\t<\/div><div class=\"fw-heading fw-heading-left  tf-sh-7b3060b71b7d1bb1173508c86cc8aa35\" >\n\t\t\t<h2 class=\"fw-special-title\">Licence i certifikati<\/h2>\n\t\n\t\n\t<\/div><div class=\"fw-text-box tf-sh-2f44c7290ecd6a64b9ddb11922d916eb .certifikati fw-animated-element\"  data-animation-type=\"fadeInUp\" data-animation-delay=\"200\">\n\t<div class=\"fw-text-inner\">\n\t\t<ul>\n<li>Tvrtka posjeduje certifikat za sustav upravljanja&nbsp;EN ISO 14001:2004.&nbsp;<a href=\"https:\/\/lasic-company.hr\/\/wp-content\/themes\/docs\/ENISO141002004.pdf\">EN ISO 14001:2004, br: HR 14\/1128<\/a><\/li>\n<li>Tvrtka posjeduje certifikat za sustav upravljanja EN ISO 9001:2008.&nbsp;&nbsp;<a href=\"https:\/\/lasic-company.hr\/\/wp-content\/themes\/docs\/ENISO90012008.pdf\">EN ISO 9001:2008, br: HR 10\/0408<\/a><\/li>\n<li>Tvrtka posjeduje digitalni certifikat bonitetne izvrsnosti&nbsp;CompanyWall Business&nbsp;<a href=\"http:\/\/www.companywall.hr\/image\/bonitet?id=67528&amp;type=1&amp;y=2017\">certifikat bonitetne izvrsnosti<\/a><\/li>\n<li>Suglasnost za izvo\u0111enje radova na gra\u0111evinama F skupine<\/li>\n<li>Rje\u0161enje o ispunjenju posebnih uvjeta za obavljanje djelatnosti preventivne, redovne i izvanredne obrane od poplava na branjenom podru\u010dju 31: podru\u010dje malog sliva Vrljika, upravljanje detaljnim gra\u0111evinama za melioracijsku odvodnju, upravljanje vodnim gra\u0111evinama za navodnjavanje.<\/li>\n<li>Licenca za izvo\u0111enjenja radova izgradnje (do 48 km\/god.) i odr\u017eavanja (do 96 km\/god.) \u0161umske infrastrukte.<\/li>\n<li>Licenca zajednice za obavljanje prijevoza tereta u me\u0111unarodnom cestovnom prometu.<\/li>\n<\/ul>\n\t<\/div>\n<\/div><div class=\"fw-divider-space space-md  clearfix\"  ><\/div>\t\t<\/div>\n\t<\/div>\n<\/div><\/div>\n\n<div class=\"fw-row\">\n\t<div id=\"column-6a0944d43fcfc\" class=\"fw-col-sm-12 tf-sh-2306b909b6721590680278f5f4654285\" >\n\t<div class=\"fw-wrap-col-inner clearfix  \"   >\n\t\t\t\t<div class=\"fw-col-inner\">\n\t\t\t<div class=\"fw-divider-space space-md  clearfix\"  ><\/div>\t\t<\/div>\n\t<\/div>\n<\/div><\/div>\n\n<div class=\"fw-row\">\n\t<div id=\"column-6a0944d4400a3\" class=\"fw-col-sm-4 tf-sh-deefa073ad8d6698b0b8214a51217f7e\" >\n\t<div class=\"fw-wrap-col-inner clearfix  \"   >\n\t\t\t\t<div class=\"fw-col-inner\">\n\t\t\t\n\t\t\t<div class=\"fw-block-image-parent fw-overlay-1 fw-block-image-icon  fw-block-image-center\"  style=\"width: 250px; \">\n\t\t\t<a class=\"fw-block-image-child fw-ratio-1 fw-ratio-container \" href=\"http:\/\/lasic-company.hr\/\/wp-content\/themes\/docs\/ENISO141002004.pdf\" >\n\t\t\t\t<noscript itemscope itemtype=\"https:\/\/schema.org\/ImageObject\" itemprop=\"image\"><img decoding=\"async\" src=\"https:\/\/lasic-company.hr\/wp-content\/uploads\/2017\/11\/ISO14001.jpg\"  alt=\"ISO14001\" data-maxdpr=\"1.7\" width=\"250\" class=\"lazyload\" \/><meta itemprop=\"url\" content=\"https:\/\/lasic-company.hr\/wp-content\/uploads\/2017\/11\/ISO14001.jpg\"><meta itemprop=\"width\" content=\"192\"><meta itemprop=\"height\" content=\"199\"><\/noscript><img decoding=\"async\" src=\"data:image\/gif;base64,R0lGODlhAQABAIAAAAAAAP\/\/\/yH5BAEAAAAALAAAAAABAAEAAAIBRAA7\" data-sizes=\"auto\" data-srcset=\"https:\/\/lasic-company.hr\/wp-content\/uploads\/2017\/11\/ISO14001-150x150.jpg 150w\"   alt=\"ISO14001\" data-maxdpr=\"1.7\" width=\"250\" class=\"lazyload\" \/>\t\t\t\t                                    <div class=\"fw-block-image-overlay\">\n                        <div class=\"fw-itable\">\n                            <div class=\"fw-icell\">\n                                <i class=\"fw-icon-link\"><\/i>\n                            <\/div>\n                        <\/div>\n                    <\/div>\n                \t\t\t<\/a>\n\t\t<\/div>\n\t\n\t\t<\/div>\n\t<\/div>\n<\/div><div id=\"column-6a0944d4407c3\" class=\"fw-col-sm-4 tf-sh-1b04d488d202a0820d095ed3269d6707\" >\n\t<div class=\"fw-wrap-col-inner clearfix  \"   >\n\t\t\t\t<div class=\"fw-col-inner\">\n\t\t\t\n\t\t\t<div class=\"fw-block-image-parent fw-overlay-1 fw-block-image-icon  fw-block-image-center\"  style=\"width: 250px; \">\n\t\t\t<a class=\"fw-block-image-child fw-ratio-1 fw-ratio-container \" href=\"http:\/\/lasic-company.hr\/\/wp-content\/themes\/docs\/ENISO90012008.pdf\" >\n\t\t\t\t<noscript itemscope itemtype=\"https:\/\/schema.org\/ImageObject\" itemprop=\"image\"><img decoding=\"async\" src=\"https:\/\/lasic-company.hr\/wp-content\/uploads\/2017\/11\/ISO9001-e1510221575840.jpg\"  alt=\"ISO9001\" data-maxdpr=\"1.7\" width=\"250\" class=\"lazyload\" \/><meta itemprop=\"url\" content=\"https:\/\/lasic-company.hr\/wp-content\/uploads\/2017\/11\/ISO9001-e1510221575840.jpg\"><meta itemprop=\"width\" content=\"192\"><meta itemprop=\"height\" content=\"183\"><\/noscript><img decoding=\"async\" src=\"data:image\/gif;base64,R0lGODlhAQABAIAAAAAAAP\/\/\/yH5BAEAAAAALAAAAAABAAEAAAIBRAA7\" data-sizes=\"auto\" data-srcset=\"https:\/\/lasic-company.hr\/wp-content\/uploads\/2017\/11\/ISO9001-150x150.jpg 150w\"   alt=\"ISO9001\" data-maxdpr=\"1.7\" width=\"250\" class=\"lazyload\" \/>\t\t\t\t                                    <div class=\"fw-block-image-overlay\">\n                        <div class=\"fw-itable\">\n                            <div class=\"fw-icell\">\n                                <i class=\"fw-icon-link\"><\/i>\n                            <\/div>\n                        <\/div>\n                    <\/div>\n                \t\t\t<\/a>\n\t\t<\/div>\n\t\n\t\t<\/div>\n\t<\/div>\n<\/div><div id=\"column-6a0944d440df6\" class=\"fw-col-sm-4 tf-sh-47a2d25a0a0d64841f8556e1a2597bb0\" >\n\t<div class=\"fw-wrap-col-inner clearfix  \"   >\n\t\t\t\t<div class=\"fw-col-inner\">\n\t\t\t\n\t\t\t<div class=\"fw-block-image-parent fw-overlay-1 fw-block-image-icon  fw-block-image-center\"  style=\"width: 250px; \">\n\t\t\t<a class=\"fw-block-image-child fw-ratio-1 fw-ratio-container \" href=\"http:\/\/www.companywall.hr\/image\/bonitet?id=67528&#038;type=2&#038;y=2017\" >\n\t\t\t\t<noscript itemscope itemtype=\"https:\/\/schema.org\/ImageObject\" itemprop=\"image\"><img decoding=\"async\" src=\"https:\/\/lasic-company.hr\/wp-content\/uploads\/2017\/11\/bonitet-vertikalni.jpg\"  alt=\"bonitet vertikalni\" data-maxdpr=\"1.7\" width=\"250\" class=\"lazyload\" \/><meta itemprop=\"url\" content=\"https:\/\/lasic-company.hr\/wp-content\/uploads\/2017\/11\/bonitet-vertikalni.jpg\"><meta itemprop=\"width\" content=\"162\"><meta itemprop=\"height\" content=\"162\"><\/noscript><img decoding=\"async\" src=\"data:image\/gif;base64,R0lGODlhAQABAIAAAAAAAP\/\/\/yH5BAEAAAAALAAAAAABAAEAAAIBRAA7\" data-sizes=\"auto\" data-srcset=\"https:\/\/lasic-company.hr\/wp-content\/uploads\/2017\/11\/bonitet-vertikalni-150x150.jpg 150w, https:\/\/lasic-company.hr\/wp-content\/uploads\/2017\/11\/bonitet-vertikalni.jpg 162w\"   alt=\"bonitet vertikalni\" data-maxdpr=\"1.7\" width=\"250\" class=\"lazyload\" \/>\t\t\t\t                                    <div class=\"fw-block-image-overlay\">\n                        <div class=\"fw-itable\">\n                            <div class=\"fw-icell\">\n                                <i class=\"fw-icon-link\"><\/i>\n                            <\/div>\n                        <\/div>\n                    <\/div>\n                \t\t\t<\/a>\n\t\t<\/div>\n\t\n\t\t<\/div>\n\t<\/div>\n<\/div><\/div>\n\n\t<\/div>\n\t<\/section><\/p>\n","protected":false},"excerpt":{"rendered":"<p>NASLOVNICA LASI\u0106 COMPANY d.o.o. za graditeljstvo, prijevoz, trgovinu, izradu nacrta (projektiranje) objekata, nadzor nad gradnjom, me\u0111unarodni i unutarnji prijevoz tereta u cestovnom prometu je tvrtka koja djeluje od 1998. godine. Od dana osnutka na\u0161 strategijski cilj i mjerilo uspjeha je zadovoljstvo klijenta i krajnjeg korisnika. LASI\u0106 COMPANY d.o.o. zapo\u0161ljava preko 45 djelatnika razli\u010ditih profila za [&hellip;]<\/p>\n","protected":false},"author":1,"featured_media":0,"parent":0,"menu_order":0,"comment_status":"closed","ping_status":"closed","template":"","meta":{"footnotes":""},"class_list":["post-4","page","type-page","status-publish","hentry"],"brizy_media":[],"_links":{"self":[{"href":"https:\/\/lasic-company.hr\/index.php?rest_route=\/wp\/v2\/pages\/4","targetHints":{"allow":["GET"]}}],"collection":[{"href":"https:\/\/lasic-company.hr\/index.php?rest_route=\/wp\/v2\/pages"}],"about":[{"href":"https:\/\/lasic-company.hr\/index.php?rest_route=\/wp\/v2\/types\/page"}],"author":[{"embeddable":true,"href":"https:\/\/lasic-company.hr\/index.php?rest_route=\/wp\/v2\/users\/1"}],"replies":[{"embeddable":true,"href":"https:\/\/lasic-company.hr\/index.php?rest_route=%2Fwp%2Fv2%2Fcomments&post=4"}],"version-history":[{"count":59,"href":"https:\/\/lasic-company.hr\/index.php?rest_route=\/wp\/v2\/pages\/4\/revisions"}],"predecessor-version":[{"id":862,"href":"https:\/\/lasic-company.hr\/index.php?rest_route=\/wp\/v2\/pages\/4\/revisions\/862"}],"wp:attachment":[{"href":"https:\/\/lasic-company.hr\/index.php?rest_route=%2Fwp%2Fv2%2Fmedia&parent=4"}],"curies":[{"name":"wp","href":"https:\/\/api.w.org\/{rel}","templated":true}]}}