{"id":13,"date":"2016-08-26T10:13:35","date_gmt":"2016-08-26T10:13:35","guid":{"rendered":"http:\/\/lasic-company.hr\/?page_id=13"},"modified":"2017-08-10T19:58:47","modified_gmt":"2017-08-10T19:58:47","slug":"contact","status":"publish","type":"page","link":"https:\/\/lasic-company.hr\/?page_id=13","title":{"rendered":"KONTAKT"},"content":{"rendered":"<p><section   class=\"fw-main-row-custom fw-main-row-top fw-section-no-padding  auto  fw-section-position-back tf-sh-4add4082910edd9147d905d00c5b7d3d\"    >\n\t\t\t<div class=\"fw-container\" >\n\t\t<div class=\"fw-row\">\n\t<div id=\"column-6a0951cd83743\" class=\"fw-col-sm-12 tf-sh-d98b875e7f5929b6181f72087502f80b\" >\n\t<div class=\"fw-wrap-col-inner clearfix   fw-column-height-custom\" style=\"height: 450px;\"  >\n\t\t\t\t<div class=\"fw-col-inner\">\n\t\t\t<div class=\"fw-divider-space  fw-custom-space  clearfix\" style=\"height:170px;\" ><\/div><div class=\"fw-icon-title fw-icon-title-top clearfix tf-sh-83d2fac3cf37d4c47d5b1c1757922891  fw-content-align-center\" >\n\t\t\t<div class=\"fw-icon-title-name\">\n\t\t\t<div class=\"fw-icon-title-name-inner\">\n\t\t\t\t\t\t\t\t\t<span class=\"fw-icon-title-icon fw-custom-icon-image\">\n\t\t\t\t\t\t\t\t\t\t\t\t\t<img decoding=\"async\" src=\"\/\/lasic-company.hr\/wp-content\/uploads\/2016\/08\/sepparator-contact-title-1.png\" alt=\"\" \/>\t\t\t\t\t\t\t\t\t\t\t<\/span>\n\t\t\t\t\n\t\t\t\t\t\t\t<\/div>\n\t\t<\/div>\n\t<\/div><div class=\"fw-heading fw-heading-center  tf-sh-73f9037147afd9676f464d5cd749dd63\" >\n\t\t\t<h2 class=\"fw-special-title\">Lasi\u0107 Company d.o.o.<\/h2>\n\t\n\t\n\t<\/div><div class=\"fw-text-box tf-sh-0a28be77d63a1e522ea72c57c6c12f07 \" >\n\t<div class=\"fw-text-inner\">\n\t\t<p style=\"text-align: center;\">Za graditeljstvo, prijevoz, trgovinu, izradu nacrta (projektiranje) objekata, nadzor nad gradnjom, me\u0111unarodni i unutarnji prijevoz tereta u cestovnom prometu<\/p>\n\t<\/div>\n<\/div><div class=\"fw-divider-space  fw-custom-space  clearfix\" style=\"height:14px;\" ><\/div><div class=\"fw-icon-title fw-icon-title-top clearfix tf-sh-ce918648b2862915a092bea057a1aa11  fw-content-align-center\" >\n\t\t\t<div class=\"fw-icon-title-name\">\n\t\t\t<div class=\"fw-icon-title-name-inner\">\n\t\t\t\t\t\t\t\t\t<span class=\"fw-icon-title-icon fw-custom-icon-image\">\n\t\t\t\t\t\t\t\t\t\t\t\t\t<img decoding=\"async\" src=\"\/\/lasic-company.hr\/wp-content\/uploads\/2016\/08\/sepparator-contact-title-1.png\" alt=\"\" \/>\t\t\t\t\t\t\t\t\t\t\t<\/span>\n\t\t\t\t\n\t\t\t\t\t\t\t<\/div>\n\t\t<\/div>\n\t<\/div><div class=\"fw-divider-space  fw-custom-space  clearfix\" style=\"height:75px;\" ><\/div>\t\t<\/div>\n\t<\/div>\n<\/div><\/div>\n\n<div class=\"fw-row\">\n\t<div id=\"column-6a0951cd841ef\" class=\"fw-col-sm-12 tf-sh-7c269411f547afcba12cfdb8f8e016fe\" >\n\t<div class=\"fw-wrap-col-inner clearfix  \"   >\n\t\t\t\t<div class=\"fw-col-inner\">\n\t\t\t<div class=\"fw-divider-space space-md  clearfix\"  ><\/div>\t\t<\/div>\n\t<\/div>\n<\/div><\/div>\n\n\t<\/div>\n\t<\/section><section   class=\"fw-main-row  auto  fw-section-position-back\"    >\n\t\t\t<div class=\"fw-container\" >\n\t\t<div class=\"fw-row\">\n\t<div id=\"column-6a0951cd848bb\" class=\"fw-col-sm-12 tf-sh-e780f6308178218dcf7a7012ec6679d8\" >\n\t<div class=\"fw-wrap-col-inner clearfix  \"   >\n\t\t\t\t<div class=\"fw-col-inner\">\n\t\t\t\t\t<\/div>\n\t<\/div>\n<\/div><\/div>\n\n\t<\/div>\n\t<\/section><section   class=\"fw-main-row-custom fw-section-no-padding  fw-section-height-custom  fw-section-position-back tf-sh-ce7cf5de6a20842ee42a2d27eeddd22d\"  style=\" height: 800px;\"  >\n\t\t\t<div class=\"fw-container\" >\n\t\t<div class=\"fw-row\">\n\t<div id=\"column-6a0951cd84f03\" class=\"fw-col-sm-12 fw-col-md-6 tf-sh-d6eaa0bd057ea2d0a544aeafaff27518 z-index-press-textbox fw-animated-element\" data-animation-type=\"fadeInUp\" data-animation-delay=\"300\">\n\t<div class=\"fw-wrap-col-inner clearfix  \"   >\n\t\t\t\t<div class=\"fw-col-inner\">\n\t\t\t<div class=\"fw-heading fw-heading-left  tf-sh-b8ed16e603b6768b3b8dc3f43637633b\" >\n\t\t\t<h4 class=\"fw-special-title\">Adresa<\/h4>\n\t\n\t\n\t<\/div><div class=\"fw-divider-space  fw-custom-space  clearfix\" style=\"height:25px;\" ><\/div><div class=\"fw-text-box tf-sh-4142ffe420761362896c8ef276e33ef2 \" >\n\t<div class=\"fw-text-inner\">\n\t\t<p>Glavina Donja 468A<br \/>21 260 IMOTSKI<\/p>\n<p><strong>Tel<\/strong>: +385 21 670 738<br \/><strong>Fax<\/strong>: +385 21 842 068<br \/><strong>E-mail<\/strong>: <a href=\"mailto:lasic.company@st.t-com.hr\">lasic.company@st.t-com.hr<\/a><\/p>\n<p><strong>MBS<\/strong>: 060138102<br \/><strong>OIB<\/strong>: &nbsp;00332929812<\/p>\n<p style=\"text-align: left;\"><strong>\u017dIRO-RA\u010cUN<\/strong>: HR0623300031100106665<br \/>Splitska banka<\/p>\n\t<\/div>\n<\/div><div class=\"fw-divider-space  fw-custom-space  clearfix\" style=\"height:35px;\" ><\/div><div class=\"fw-text-box tf-sh-ccab755cc2b970b82ba55d8a3b99e4b0 \" >\n\t<div class=\"fw-text-inner\">\n\t\t<p>Potra\u017eite nas na karti:<\/p>\n\t<\/div>\n<\/div>\t\t<\/div>\n\t<\/div>\n<\/div><div id=\"column-6a0951cd85538\" class=\"fw-col-sm-12 fw-col-md-6 tf-sh-eeb8fc3e38ac4fdaae1de8ba4ba2a777 contact-map\" >\n\t<div class=\"fw-wrap-col-inner clearfix  \"   >\n\t\t\t\t<div class=\"fw-col-inner\">\n\t\t\t<div class=\"fw-text-box tf-sh-668a5d062550eb21964a631f5bc55292 \" >\n\t<div class=\"fw-text-inner\">\n\t\t<p><iframe loading=\"lazy\" src=\"https:\/\/www.google.com\/maps\/embed?pb=!1m14!1m12!1m3!1d694.0976279781091!2d17.20567275096452!3d43.43756177020976!2m3!1f0!2f0!3f0!3m2!1i1024!2i768!4f13.1!5e1!3m2!1shr!2shr!4v1501785133544\" width=\"600\" height=\"450\" frameborder=\"0\" style=\"border:0\" allowfullscreen><\/iframe><\/p>\n\t<\/div>\n<\/div><div class=\"fw-divider-space  fw-custom-space  fw-mobile-hide-element clearfix\" style=\"height:75px;\" ><\/div>\t\t<\/div>\n\t<\/div>\n<\/div><\/div>\n\n\t<\/div>\n\t<\/section><section   class=\"fw-main-row-custom fw-section-no-padding  auto  fw-section-position-back tf-sh-438b7bb92dcd874262768f288d654db1\"    >\n\t\t\t<div class=\"fw-container\" >\n\t\t<div class=\"fw-row\">\n\t<div id=\"column-6a0951cd85df2\" class=\"fw-col-sm-12 tf-sh-311af46b1d3661bb05bdcddcaa92732c  fw-animated-element\" data-animation-type=\"fadeInUp\" data-animation-delay=\"300\">\n\t<div class=\"fw-wrap-col-inner clearfix  \"   >\n\t\t\t\t<div class=\"fw-col-inner\">\n\t\t\t<div class=\"fw-divider-space  fw-custom-space  clearfix\" style=\"height:90px;\" ><\/div><div class=\"fw-icon-title fw-icon-title-top clearfix tf-sh-325e2e81e8c3389774431ff7723ef5fb  fw-content-align-center\" >\n\t\t\t<div class=\"fw-icon-title-name\">\n\t\t\t<div class=\"fw-icon-title-name-inner\">\n\t\t\t\t\t\t\t\t\t<span class=\"fw-icon-title-icon fw-custom-icon-image\">\n\t\t\t\t\t\t\t\t\t\t\t\t\t<img decoding=\"async\" src=\"\/\/lasic-company.hr\/wp-content\/uploads\/2016\/08\/sepparator-contact-title-1.png\" alt=\"\" \/>\t\t\t\t\t\t\t\t\t\t\t<\/span>\n\t\t\t\t\n\t\t\t\t\t\t\t<\/div>\n\t\t<\/div>\n\t<\/div><div class=\"fw-divider-space  fw-custom-space  clearfix\" style=\"height:14px;\" ><\/div><div class=\"fw-heading fw-heading-center  fw-heading-with-subtitle tf-sh-216a8d141602cfccf96ce84eb1dc3a2a\" >\n\t\n\t\n\t\t\t<div class=\"fw-special-subtitle\">Kontakt<\/div>\n\t<\/div><div class=\"fw-icon-title fw-icon-title-top clearfix tf-sh-037d51514b48c984697080a0d87c0317  fw-content-align-center\" >\n\t\t\t<div class=\"fw-icon-title-name\">\n\t\t\t<div class=\"fw-icon-title-name-inner\">\n\t\t\t\t\t\t\t\t\t<span class=\"fw-icon-title-icon fw-custom-icon-image\">\n\t\t\t\t\t\t\t\t\t\t\t\t\t<img decoding=\"async\" src=\"\/\/lasic-company.hr\/wp-content\/uploads\/2016\/08\/sepparator-contact-title-1.png\" alt=\"\" \/>\t\t\t\t\t\t\t\t\t\t\t<\/span>\n\t\t\t\t\n\t\t\t\t\t\t\t<\/div>\n\t\t<\/div>\n\t<\/div><div class=\"fw-divider-space  fw-custom-space  fw-mobile-hide-element clearfix\" style=\"height:40px;\" ><\/div>\t\t<\/div>\n\t<\/div>\n<\/div><\/div>\n\n<div class=\"fw-row\">\n\t<div id=\"column-6a0951cd86742\" class=\"fw-col-sm-12 tf-sh-8739dacc66119b64a1964703a7e7f73a contact-form fw-animated-element\" data-animation-type=\"fadeInUp\" data-animation-delay=\"300\">\n\t<div class=\"fw-wrap-col-inner clearfix  \"   >\n\t\t\t\t<div class=\"fw-col-inner\">\n\t\t\t<div class=\"fw-contact-form tf-sh-d0cd570a362902a248dd7b476891a27b \" data-redirect-page=\"\">\n\t<div class=\"fw-row wrap-forms wrap-contact-forms\">\n\t\t<form data-fw-form-id=\"fw_form\" method=\"post\" action=\"https:\/\/lasic-company.hr\/index.php?rest_route=%2Fwp%2Fv2%2Fpages%2F13\" class=\"fw_form_fw_form\" data-fw-ext-forms-type=\"contact-forms\"  ><input type=\"hidden\" name=\"fwf\" value=\"fw_form\" \/><input type=\"hidden\" id=\"_nonce_d705f91d4b5cdfd2878f25725266e6eb\" name=\"_nonce_d705f91d4b5cdfd2878f25725266e6eb\" value=\"3daddd9f96\" \/><input type=\"hidden\" name=\"_wp_http_referer\" value=\"\/index.php?rest_route=%2Fwp%2Fv2%2Fpages%2F13\" \/><input type=\"hidden\" name=\"fw_ext_forms_form_type\" value=\"contact-forms\" \/><input type=\"hidden\" name=\"fw_ext_forms_form_id\" value=\"d0cd570a362902a248dd7b476891a27b\" \/><div class=\"fw-row\"><\/div><div class=\"fw-row\"><div class=\"fw-col-xs-12 form-builder-item\">\n\t<div class=\"field-text\">\n\t\t\t\t\t<label for=\"id-1\">E-mail\t\t\t\t\t\t\t<\/label>\n\t\t\t\t<input type=\"text\" name=\"email_e8fb881\" placeholder=\"\" value=\"\" id=\"id-1\" >\n\t\t\t<\/div>\n<\/div><\/div><div class=\"fw-row\"><div class=\"fw-col-xs-12 form-builder-item\">\n\t<div class=\"field-text\">\n\t\t\t\t\t<label for=\"id-2\">Ime\t\t\t\t\t\t\t<\/label>\n\t\t\t\t<input type=\"text\" name=\"text_4b16287\" placeholder=\"\" value=\"\" id=\"id-2\" >\n\t\t\t<\/div>\n<\/div><\/div><div class=\"fw-row\"><div class=\"fw-col-xs-12 form-builder-item\">\n\t<div class=\"field-text\">\n\t\t\t\t\t<label for=\"id-3\">Predmet\t\t\t\t\t\t\t<\/label>\n\t\t\t\t<input type=\"text\" name=\"text_1c91910\" placeholder=\"\" value=\"\" id=\"id-3\" >\n\t\t\t<\/div>\n<\/div><\/div><div class=\"fw-row\"><div class=\"fw-col-xs-12 form-builder-item\">\n\t<div class=\"field-textarea\">\n\t\t\t\t\t<label for=\"id-4\">Poruka\t\t\t\t\t\t\t<\/label>\n\t\t\t\t<textarea name=\"textarea_10340dd\" placeholder=\"\" id=\"id-4\" ><\/textarea>\n\t\t\t<\/div>\n<\/div><\/div><div class=\"fw-row\"><\/div><div class=\"fw-row\">\n\t\t\t<div class=\"fw-col-sm-12 field-submit text-center\">\n\t\t\t<button type=\"submit\" class=\"fw-btn  fw-btn-lg fw-btn-1\" style=\"\">\n\t\t\t\t<span>\n\t\t\t\t\t\t\t\t\t\t\t\u00a0 \u00a0 PO\u0160ALJI PORUKU \u00a0 \u00a0\t\t\t\t\t\t\t\t\t<\/span>\n\t\t\t<\/button>\n\t\t<\/div>\n\t<\/div><\/form>\t<\/div>\n<\/div>\t\t<\/div>\n\t<\/div>\n<\/div><\/div>\n\n<div class=\"fw-row\">\n\t<div id=\"column-6a0951cd8736b\" class=\"fw-col-sm-12 tf-sh-bf8f846a3140a4d1601e09776311feaf  fw-animated-element\" data-animation-type=\"fadeInUp\" data-animation-delay=\"300\">\n\t<div class=\"fw-wrap-col-inner clearfix  \"   >\n\t\t\t\t<div class=\"fw-col-inner\">\n\t\t\t<div class=\"fw-heading fw-heading-center  fw-heading-with-subtitle tf-sh-e984c9a6d94c7ccd3112af3f1352aa90\" >\n\t\t\t<h6 class=\"fw-special-title\">Glavina Donja 468a, 21260 Imotski<\/h6>\n\t\n\t\n\t\t\t<div class=\"fw-special-subtitle\">lasic.company@st.t-com.hr<\/div>\n\t<\/div>\t\t<\/div>\n\t<\/div>\n<\/div><\/div>\n\n\t<\/div>\n\t<\/section><\/p>\n","protected":false},"excerpt":{"rendered":"<p>Lasi\u0107 Company d.o.o. Za graditeljstvo, prijevoz, trgovinu, izradu nacrta (projektiranje) objekata, nadzor nad gradnjom, me\u0111unarodni i unutarnji prijevoz tereta u cestovnom prometu Adresa Glavina Donja 468A21 260 IMOTSKI Tel: +385 21 670 738Fax: +385 21 842 068E-mail: lasic.company@st.t-com.hr MBS: 060138102OIB: &nbsp;00332929812 \u017dIRO-RA\u010cUN: HR0623300031100106665Splitska banka Potra\u017eite nas na karti: Kontakt E-mail Ime Predmet Poruka \u00a0 \u00a0 [&hellip;]<\/p>\n","protected":false},"author":1,"featured_media":0,"parent":0,"menu_order":0,"comment_status":"closed","ping_status":"closed","template":"visual-builder-template.php","meta":{"footnotes":""},"class_list":["post-13","page","type-page","status-publish","hentry"],"brizy_media":[],"_links":{"self":[{"href":"https:\/\/lasic-company.hr\/index.php?rest_route=\/wp\/v2\/pages\/13","targetHints":{"allow":["GET"]}}],"collection":[{"href":"https:\/\/lasic-company.hr\/index.php?rest_route=\/wp\/v2\/pages"}],"about":[{"href":"https:\/\/lasic-company.hr\/index.php?rest_route=\/wp\/v2\/types\/page"}],"author":[{"embeddable":true,"href":"https:\/\/lasic-company.hr\/index.php?rest_route=\/wp\/v2\/users\/1"}],"replies":[{"embeddable":true,"href":"https:\/\/lasic-company.hr\/index.php?rest_route=%2Fwp%2Fv2%2Fcomments&post=13"}],"version-history":[{"count":18,"href":"https:\/\/lasic-company.hr\/index.php?rest_route=\/wp\/v2\/pages\/13\/revisions"}],"predecessor-version":[{"id":822,"href":"https:\/\/lasic-company.hr\/index.php?rest_route=\/wp\/v2\/pages\/13\/revisions\/822"}],"wp:attachment":[{"href":"https:\/\/lasic-company.hr\/index.php?rest_route=%2Fwp%2Fv2%2Fmedia&parent=13"}],"curies":[{"name":"wp","href":"https:\/\/api.w.org\/{rel}","templated":true}]}}