{"id":11,"date":"2016-08-26T10:12:59","date_gmt":"2016-08-26T10:12:59","guid":{"rendered":"http:\/\/lasic-company.hr\/?page_id=11"},"modified":"2017-08-10T19:55:59","modified_gmt":"2017-08-10T19:55:59","slug":"services","status":"publish","type":"page","link":"https:\/\/lasic-company.hr\/?page_id=11","title":{"rendered":"DJELATNOSTI"},"content":{"rendered":"<p><section   class=\"fw-main-row-custom fw-main-row-top fw-section-no-padding  fw_theme_bg_fw-custom fw-section-image fw-section-height-custom  fw-section-position-back tf-sh-0b896e4fe50160ef3f51979af3ed2103\"  style=\" background-image:url(\/\/lasic-company.hr\/wp-content\/uploads\/2017\/08\/2-e1502394319370.jpg); background-repeat: no-repeat; background-position: center top; background-size: auto; height: 450px;\"  >\n\t\t<div class=\"fw-main-row-overlay fw_theme_bg_color_1\" style=\"opacity: 0.36;\"><\/div>\t<div class=\"fw-container\" >\n\t\t<div class=\"fw-row\">\n\t<div id=\"column-6a0952acc1d18\" class=\"fw-col-sm-12 tf-sh-6cf1f92a16fdd4e5aeda0a557344441d\" >\n\t<div class=\"fw-wrap-col-inner clearfix  \"   >\n\t\t\t\t<div class=\"fw-col-inner\">\n\t\t\t<div class=\"fw-divider-space  fw-custom-space  clearfix\" style=\"height:460px;\" ><\/div><div class=\"fw-heading fw-heading-center  fw-heading-with-subtitle tf-sh-4c95374e71858f1899797a7866212380\" >\n\t\t\t<h1 class=\"fw-special-title\">DJELATNOSTI<\/h1>\n\t\n\t\n\t\t\t<div class=\"fw-special-subtitle\">Usluge<\/div>\n\t<\/div><div class=\"fw-divider-space  fw-custom-space  clearfix\" style=\"height:125px;\" ><\/div><div class=\"fw-icon-title fw-icon-title-top clearfix tf-sh-84680df25f77b2cf3a81ac778fa7aea0  fw-content-align-center\" >\n\t\t\t<div class=\"fw-icon-title-name\">\n\t\t\t<div class=\"fw-icon-title-name-inner\">\n\t\t\t\t\t\t\t\t\t<span class=\"fw-icon-title-icon fw-custom-icon-image\">\n\t\t\t\t\t\t\t\t\t\t\t\t\t<a class=\"anchor\" href=\"#first-section\"  target=\"_self\">\n\t\t\t\t\t\t\t\t<img decoding=\"async\" src=\"\/\/lasic-company.hr\/wp-content\/uploads\/2016\/08\/scroll-down-png.png\" alt=\"\" \/>\t\t\t\t\t\t\t<\/a>\n\t\t\t\t\t\t\t\t\t\t\t<\/span>\n\t\t\t\t\n\t\t\t\t\t\t\t<\/div>\n\t\t<\/div>\n\t<\/div><div class=\"fw-divider-space  fw-custom-space  clearfix\" style=\"height:192px;\" ><\/div>\t\t<\/div>\n\t<\/div>\n<\/div><\/div>\n\n\t<\/div>\n\t<\/section><section  id=\"first-section\" class=\"fw-main-row-custom fw-section-no-padding  auto  fw-section-position-back tf-sh-01bb746e2b0de9f6e1f48af5ff9484a3\"  style=\" background-color:#eeeeee;\"  >\n\t\t\t<div class=\"fw-container\" >\n\t\t<div class=\"fw-row\">\n\t<div id=\"column-6a0952acc2a06\" class=\"fw-col-sm-9 tf-sh-071f4820e2ce439c7fe0556f5d3883ef  fw-animated-element\" data-animation-type=\"fadeInUp\" data-animation-delay=\"300\">\n\t<div class=\"fw-wrap-col-inner clearfix  \"   >\n\t\t\t\t<div class=\"fw-col-inner\">\n\t\t\t<div class=\"fw-divider-space  fw-custom-space  fw-mobile-hide-element clearfix\" style=\"height:155px;\" ><\/div><div class=\"fw-heading fw-heading-left  tf-sh-992524e2797ae8209319ec6a91fb5532\" >\n\t\t\t<h2 class=\"fw-special-title\">USLUGE<\/h2>\n\t\n\t\n\t<\/div><div class=\"fw-divider-space  fw-custom-space  fw-mobile-hide-element clearfix\" style=\"height:35px;\" ><\/div><div class=\"fw-text-box tf-sh-2bf4cab77292f0d37e0dbec06f4c58a4 \" >\n\t<div class=\"fw-text-inner\">\n\t\t<p><strong>LASI\u0106 COMPANY<\/strong> <strong>d.o.o.<\/strong> pru\u017ea usluge iz svog podru\u010dja djelatnosti, glavna i osnovna djelatnost je GRADITELJSTVO.<\/p>\n\t<\/div>\n<\/div><div class=\"fw-divider-space  fw-custom-space  fw-mobile-hide-element clearfix\" style=\"height:120px;\" ><\/div>\t\t<\/div>\n\t<\/div>\n<\/div><\/div>\n\n<div class=\"fw-row\">\n\t<div id=\"column-6a0952acc315a\" class=\"fw-col-sm-6 tf-sh-4461f83b0f21ca036f1ef79b9272f95f works-responsive-height fw-animated-element fw-col-no-padding\" data-animation-type=\"fadeInUp\" data-animation-delay=\"300\">\n\t<div class=\"fw-wrap-col-inner clearfix   fw-column-height-custom\" style=\"height: 690px;\"  >\n\t\t\t\t<div class=\"fw-col-inner\">\n\t\t\t\n\t\n\t\t<div class=\"fw-block-image-parent  fw-block-image-center\"  style=\"width: 138px; \">\n\t\t\t<span class=\"fw-block-image-child fw-ratio-1 fw-ratio-container\">\n\t\t\t\t<noscript itemscope itemtype=\"https:\/\/schema.org\/ImageObject\" itemprop=\"image\"><img decoding=\"async\" src=\"https:\/\/lasic-company.hr\/wp-content\/uploads\/2016\/08\/feasability-studies-icon.png\"  alt=\"Visokogradnja\" data-maxdpr=\"1.7\" width=\"138\" class=\"lazyload\" \/><meta itemprop=\"url\" content=\"https:\/\/lasic-company.hr\/wp-content\/uploads\/2016\/08\/feasability-studies-icon.png\"><meta itemprop=\"width\" content=\"138\"><meta itemprop=\"height\" content=\"138\"><\/noscript><img decoding=\"async\" src=\"data:image\/gif;base64,R0lGODlhAQABAIAAAAAAAP\/\/\/yH5BAEAAAAALAAAAAABAAEAAAIBRAA7\" data-sizes=\"auto\" data-srcset=\"https:\/\/lasic-company.hr\/wp-content\/uploads\/2016\/08\/feasability-studies-icon.png 138w\"   alt=\"Visokogradnja\" data-maxdpr=\"1.7\" width=\"138\" class=\"lazyload\" \/>\t\t\t\t\t\t\t<\/span>\n\t\t<\/div>\n\n\t\n\t\t<\/div>\n\t<\/div>\n<\/div><div id=\"column-6a0952acc3aac\" class=\"fw-col-sm-6 tf-sh-0a2848357735dd7d395932cdee119d70 works-responsive-height fw-animated-element\" data-animation-type=\"fadeInUp\" data-animation-delay=\"300\">\n\t<div class=\"fw-wrap-col-inner clearfix   fw-column-height-custom\" style=\"height: 690px;\"  >\n\t\t\t\t<div class=\"fw-col-inner\">\n\t\t\t<div class=\"fw-divider-space  fw-custom-space  fw-tablet-hide-element fw-mobile-hide-element clearfix\" style=\"height:100px;\" ><\/div><div class=\"fw-heading fw-heading-center  fw-heading-with-subtitle tf-sh-b7a75f25b28deba48f9fd2eeb1e0f881\" >\n\t\n\t\n\t\t\t<div class=\"fw-special-subtitle\">Visokogradnja<\/div>\n\t<\/div><div class=\"fw-divider-space  fw-custom-space  fw-tablet-hide-element clearfix\" style=\"height:35px;\" ><\/div><div class=\"fw-divider-space  fw-custom-space  fw-tablet-hide-element clearfix\" style=\"height:35px;\" ><\/div><div class=\"fw-text-box tf-sh-e0a8dce3e3222d7a9d863e3a7dc74589 \" >\n\t<div class=\"fw-text-inner\">\n\t\t<ul>\n<li>ru\u0161enje i demonta\u017ee<\/li>\n<li>pripremni radovi<\/li>\n<li>zemljani radovi<\/li>\n<li>zidarski radovi<\/li>\n<li>izolaterski radovi<\/li>\n<li>betonski i ab radovi<\/li>\n<li>armira\u010dki radovi<\/li>\n<li>tesarski radovi<\/li>\n<li>krovopokriva\u010dki radovi<\/li>\n<li>skelarski radovi<\/li>\n<\/ul>\n\t<\/div>\n<\/div><div class=\"fw-divider-space  fw-custom-space  fw-tablet-hide-element clearfix\" style=\"height:65px;\" ><\/div><div class=\"fw-divider-space  fw-custom-space  fw-desktop-hide-element fw-tablet-landscape-hide-element fw-mobile-hide-element clearfix\" style=\"height:35px;\" ><\/div><div class=\"text-center\">\t<a href=\"https:\/\/lasic-company.hr\/?page_id=13\" target=\"_self\" class=\"fw-btn tf-sh-428e6b882d5b67a68e57c7331b2da917  fw-btn-sm   fw-btn-3\"  style=\"\">\n\t\t<span >\n\t\t\tKONTAKT\t\t<\/span>\n\t<\/a>\n<\/div>\t\t<\/div>\n\t<\/div>\n<\/div><\/div>\n\n<div class=\"fw-row\">\n\t<div id=\"column-6a0952acc4445\" class=\"fw-col-sm-12 tf-sh-31acbef840a9ab1bb1342df6527ba40a\" >\n\t<div class=\"fw-wrap-col-inner clearfix  \"   >\n\t\t\t\t<div class=\"fw-col-inner\">\n\t\t\t<div class=\"fw-divider-space  fw-custom-space  clearfix\" style=\"height:90px;\" ><\/div>\t\t<\/div>\n\t<\/div>\n<\/div><\/div>\n\n<div class=\"fw-row\">\n\t<div id=\"column-6a0952acc47c2\" class=\"fw-col-sm-6 tf-sh-ae5293727d1882ab665b437d968a6822 works-responsive-height fw-animated-element\" data-animation-type=\"fadeInUp\" data-animation-delay=\"300\">\n\t<div class=\"fw-wrap-col-inner clearfix   fw-column-height-custom\" style=\"height: 1400px;\"  >\n\t\t\t\t<div class=\"fw-col-inner\">\n\t\t\t<div class=\"fw-divider-space  fw-custom-space  fw-tablet-hide-element fw-mobile-hide-element clearfix\" style=\"height:100px;\" ><\/div><div class=\"fw-heading fw-heading-center  fw-heading-with-subtitle tf-sh-83e81c3c1545d04bdeeeff62370d7ee6\" >\n\t\n\t\n\t\t\t<div class=\"fw-special-subtitle\">Niskogradnja<\/div>\n\t<\/div><div class=\"fw-divider-space  fw-custom-space  fw-tablet-hide-element clearfix\" style=\"height:35px;\" ><\/div><div class=\"fw-divider-space  fw-custom-space  fw-desktop-hide-element fw-tablet-landscape-hide-element fw-mobile-hide-element clearfix\" style=\"height:20px;\" ><\/div><div class=\"fw-text-box tf-sh-ebdd0d99a5c3e64df9e25d5a2f8de7dc \" >\n\t<div class=\"fw-text-inner\">\n\t\t<ul>\n<li>usluga rada gra\u0111evinskim strojevima:\n<ul>\n<li>razni iskopi<\/li>\n<li>nasipavanja i zasipavanja terena<\/li>\n<li>valjanje i nabijanje zemljanih i tucani\u010dkih podloga<\/li>\n<\/ul>\n<\/li>\n<li>pripremni radovi na terenu<\/li>\n<li>izgradnja platoa, parkirali\u0161ta, pristupnih puteva<\/li>\n<li>ure\u0111enje okoli\u0161a<\/li>\n<li>usluga prijevoza<\/li>\n<li>ru\u0161enje postoje\u0107ih objekata<\/li>\n<li>tehni\u010dko i gospodarsko odr\u017eavanje vodnog dobra, regulacijskih i vodnih gra\u0111evina i ure\u0111aja<\/li>\n<li>tehni\u010dko i gospodarsko odr\u017eavanje melioracijskih sustava za odvodnjavanje i navodnjavanje<\/li>\n<li>tehni\u010dki radovi provo\u0111enja obrane od poplava i drugih oblika za\u0161tite od \u0161tetnog djelovanja voda, te rukovo\u0111enje sustavom za navodnjavanje<\/li>\n<li>izgradnja hidrogra\u0111evinskih objekata<\/li>\n<li>ure\u0111enje vodotoka i drugih voda (regulacijski radovi)<\/li>\n<\/ul>\n\t<\/div>\n<\/div><div class=\"fw-divider-space  fw-custom-space  fw-tablet-hide-element clearfix\" style=\"height:65px;\" ><\/div><div class=\"fw-divider-space  fw-custom-space  fw-desktop-hide-element fw-tablet-landscape-hide-element fw-mobile-hide-element clearfix\" style=\"height:35px;\" ><\/div><div class=\"text-center\">\t<a href=\"https:\/\/lasic-company.hr\/?page_id=13\" target=\"_self\" class=\"fw-btn tf-sh-03972f14880677059c998e7d4cd7fa02  fw-btn-sm   fw-btn-3\"  style=\"\">\n\t\t<span >\n\t\t\tKONTAKT\t\t<\/span>\n\t<\/a>\n<\/div>\t\t<\/div>\n\t<\/div>\n<\/div><div id=\"column-6a0952acc4fb6\" class=\"fw-col-sm-6 tf-sh-1a157f1029bad9114ef9aaf6613cff6c works-responsive-height fw-animated-element fw-col-no-padding\" data-animation-type=\"fadeInUp\" data-animation-delay=\"300\">\n\t<div class=\"fw-wrap-col-inner clearfix   fw-column-height-custom\" style=\"height: 1400px;\"  >\n\t\t\t\t<div class=\"fw-col-inner\">\n\t\t\t\n\t\n\t\t<div class=\"fw-block-image-parent  fw-block-image-center\"  style=\"width: 138px; \">\n\t\t\t<span class=\"fw-block-image-child fw-ratio-1 fw-ratio-container\">\n\t\t\t\t<noscript itemscope itemtype=\"https:\/\/schema.org\/ImageObject\" itemprop=\"image\"><img decoding=\"async\" src=\"https:\/\/lasic-company.hr\/wp-content\/uploads\/2016\/08\/interior-design-icon.png\"  alt=\"interior-design-icon\" data-maxdpr=\"1.7\" width=\"138\" class=\"lazyload\" \/><meta itemprop=\"url\" content=\"https:\/\/lasic-company.hr\/wp-content\/uploads\/2016\/08\/interior-design-icon.png\"><meta itemprop=\"width\" content=\"138\"><meta itemprop=\"height\" content=\"138\"><\/noscript><img decoding=\"async\" src=\"data:image\/gif;base64,R0lGODlhAQABAIAAAAAAAP\/\/\/yH5BAEAAAAALAAAAAABAAEAAAIBRAA7\" data-sizes=\"auto\" data-srcset=\"https:\/\/lasic-company.hr\/wp-content\/uploads\/2016\/08\/interior-design-icon.png 138w\"   alt=\"interior-design-icon\" data-maxdpr=\"1.7\" width=\"138\" class=\"lazyload\" \/>\t\t\t\t\t\t\t<\/span>\n\t\t<\/div>\n\n\t\n\t\t<\/div>\n\t<\/div>\n<\/div><\/div>\n\n<div class=\"fw-row\">\n\t<div id=\"column-6a0952acc58a2\" class=\"fw-col-sm-12 tf-sh-f95df25edc23ce44a790dec3e8a5badb  fw-col-no-padding\" >\n\t<div class=\"fw-wrap-col-inner clearfix  \"   >\n\t\t\t\t<div class=\"fw-col-inner\">\n\t\t\t<div class=\"fw-divider-space  fw-custom-space  clearfix\" style=\"height:90px;\" ><\/div>\t\t<\/div>\n\t<\/div>\n<\/div><\/div>\n\n<div class=\"fw-row\">\n\t<div id=\"column-6a0952acc5c7f\" class=\"fw-col-sm-6 tf-sh-56e83a8c6d6736401818aa2da66f53ca works-responsive-height fw-animated-element fw-col-no-padding\" data-animation-type=\"fadeInUp\" data-animation-delay=\"300\">\n\t<div class=\"fw-wrap-col-inner clearfix   fw-column-height-custom\" style=\"height: 690px;\"  >\n\t\t\t\t<div class=\"fw-col-inner\">\n\t\t\t\n\t\n\t\t<div class=\"fw-block-image-parent  fw-block-image-center\"  style=\"width: 138px; \">\n\t\t\t<span class=\"fw-block-image-child fw-ratio-1 fw-ratio-container\">\n\t\t\t\t<noscript itemscope itemtype=\"https:\/\/schema.org\/ImageObject\" itemprop=\"image\"><img decoding=\"async\" src=\"https:\/\/lasic-company.hr\/wp-content\/uploads\/2017\/08\/Alat.png\"  alt=\"Alat\" data-maxdpr=\"1.7\" width=\"138\" class=\"lazyload\" \/><meta itemprop=\"url\" content=\"https:\/\/lasic-company.hr\/wp-content\/uploads\/2017\/08\/Alat.png\"><meta itemprop=\"width\" content=\"128\"><meta itemprop=\"height\" content=\"128\"><\/noscript><img decoding=\"async\" src=\"data:image\/gif;base64,R0lGODlhAQABAIAAAAAAAP\/\/\/yH5BAEAAAAALAAAAAABAAEAAAIBRAA7\" data-sizes=\"auto\" data-srcset=\"https:\/\/lasic-company.hr\/wp-content\/uploads\/2017\/08\/Alat.png 128w\"   alt=\"Alat\" data-maxdpr=\"1.7\" width=\"138\" class=\"lazyload\" \/>\t\t\t\t\t\t\t<\/span>\n\t\t<\/div>\n\n\t\n\t\t<\/div>\n\t<\/div>\n<\/div><div id=\"column-6a0952acc63a0\" class=\"fw-col-sm-6 tf-sh-1a93e4893c9155540aaf38d9ad176df5 works-responsive-height fw-animated-element\" data-animation-type=\"fadeInUp\" data-animation-delay=\"300\">\n\t<div class=\"fw-wrap-col-inner clearfix   fw-column-height-custom\" style=\"height: 690px;\"  >\n\t\t\t\t<div class=\"fw-col-inner\">\n\t\t\t<div class=\"fw-divider-space  fw-custom-space  fw-tablet-hide-element fw-mobile-hide-element clearfix\" style=\"height:100px;\" ><\/div><div class=\"fw-heading fw-heading-center  fw-heading-with-subtitle tf-sh-5cb61595f6989e21820f38bc69e410a3\" >\n\t\n\t\n\t\t\t<div class=\"fw-special-subtitle\">Vr\u0161imo usluge<\/div>\n\t<\/div><div class=\"fw-divider-space  fw-custom-space  fw-tablet-hide-element clearfix\" style=\"height:35px;\" ><\/div><div class=\"fw-divider-space  fw-custom-space  fw-desktop-hide-element fw-tablet-landscape-hide-element fw-mobile-hide-element clearfix\" style=\"height:20px;\" ><\/div><div class=\"fw-text-box tf-sh-a1ca43a57b518444c65db7d7c1252d74 \" >\n\t<div class=\"fw-text-inner\">\n\t\t<ul>\n<li>nadzora nad gradnjom<\/li>\n<li>izrada nacrta (projektiranje) objekata<\/li>\n<li>prijevoz u doma\u0107em i me\u0111unarodnom prometu,<\/li>\n<li>iznajmljivanja strojeva i opreme<\/li>\n<\/ul>\n\t<\/div>\n<\/div><div class=\"fw-divider-space  fw-custom-space  fw-tablet-hide-element clearfix\" style=\"height:65px;\" ><\/div><div class=\"fw-divider-space  fw-custom-space  fw-desktop-hide-element fw-tablet-landscape-hide-element fw-mobile-hide-element clearfix\" style=\"height:35px;\" ><\/div><div class=\"text-center\">\t<a href=\"https:\/\/lasic-company.hr\/?page_id=13\" target=\"_self\" class=\"fw-btn tf-sh-19e541283aa57aa13e80b55e169c80cd  fw-btn-sm   fw-btn-3\"  style=\"\">\n\t\t<span >\n\t\t\tKONTAKT\t\t<\/span>\n\t<\/a>\n<\/div>\t\t<\/div>\n\t<\/div>\n<\/div><\/div>\n\n<div class=\"fw-row\">\n\t<div id=\"column-6a0952acc6c48\" class=\"fw-col-sm-12 tf-sh-aeb2e325d68bd4a80f07e2bff764ab87  fw-col-no-padding\" >\n\t<div class=\"fw-wrap-col-inner clearfix  \"   >\n\t\t\t\t<div class=\"fw-col-inner\">\n\t\t\t<div class=\"fw-divider-space  fw-custom-space  clearfix\" style=\"height:90px;\" ><\/div>\t\t<\/div>\n\t<\/div>\n<\/div><\/div>\n\n\t<\/div>\n\t<\/section><section   class=\"fw-main-row-custom fw-section-no-padding  auto  fw-section-position-back tf-sh-5f466308549b92f2377b0c23565942ac\"    >\n\t\t\t<div class=\"fw-container\" >\n\t\t<div class=\"fw-row\">\n\t<div id=\"column-6a0952acc73b3\" class=\"fw-col-sm-12 tf-sh-d98b875e7f5929b6181f72087502f80b  fw-animated-element\" data-animation-type=\"fadeInUp\" data-animation-delay=\"300\">\n\t<div class=\"fw-wrap-col-inner clearfix  \"   >\n\t\t\t\t<div class=\"fw-col-inner\">\n\t\t\t<div class=\"fw-divider-space  fw-custom-space  clearfix\" style=\"height:90px;\" ><\/div><div class=\"fw-icon-title fw-icon-title-top clearfix tf-sh-83d2fac3cf37d4c47d5b1c1757922891  fw-content-align-center\" >\n\t\t\t<div class=\"fw-icon-title-name\">\n\t\t\t<div class=\"fw-icon-title-name-inner\">\n\t\t\t\t\t\t\t\t\t<span class=\"fw-icon-title-icon fw-custom-icon-image\">\n\t\t\t\t\t\t\t\t\t\t\t\t\t<img decoding=\"async\" src=\"\/\/lasic-company.hr\/wp-content\/uploads\/2016\/08\/sepparator-contact-title-1.png\" alt=\"\" \/>\t\t\t\t\t\t\t\t\t\t\t<\/span>\n\t\t\t\t\n\t\t\t\t\t\t\t<\/div>\n\t\t<\/div>\n\t<\/div><div class=\"fw-divider-space  fw-custom-space  clearfix\" style=\"height:14px;\" ><\/div><div class=\"fw-heading fw-heading-center  fw-heading-with-subtitle tf-sh-ddfba48c093e40f9d0a03666c85459e4\" >\n\t\n\t\n\t\t\t<div class=\"fw-special-subtitle\">Kontakt<\/div>\n\t<\/div><div class=\"fw-icon-title fw-icon-title-top clearfix tf-sh-ce918648b2862915a092bea057a1aa11  fw-content-align-center\" >\n\t\t\t<div class=\"fw-icon-title-name\">\n\t\t\t<div class=\"fw-icon-title-name-inner\">\n\t\t\t\t\t\t\t\t\t<span class=\"fw-icon-title-icon fw-custom-icon-image\">\n\t\t\t\t\t\t\t\t\t\t\t\t\t<img decoding=\"async\" src=\"\/\/lasic-company.hr\/wp-content\/uploads\/2016\/08\/sepparator-contact-title-1.png\" alt=\"\" \/>\t\t\t\t\t\t\t\t\t\t\t<\/span>\n\t\t\t\t\n\t\t\t\t\t\t\t<\/div>\n\t\t<\/div>\n\t<\/div><div class=\"fw-divider-space  fw-custom-space  fw-mobile-hide-element clearfix\" style=\"height:40px;\" ><\/div>\t\t<\/div>\n\t<\/div>\n<\/div><\/div>\n\n<div class=\"fw-row\">\n\t<div id=\"column-6a0952acc7ca8\" class=\"fw-col-sm-12 tf-sh-8739dacc66119b64a1964703a7e7f73a contact-form fw-animated-element\" data-animation-type=\"fadeInUp\" data-animation-delay=\"300\">\n\t<div class=\"fw-wrap-col-inner clearfix  \"   >\n\t\t\t\t<div class=\"fw-col-inner\">\n\t\t\t<div class=\"fw-contact-form tf-sh-d0cd570a362902a248dd7b476891a27b \" data-redirect-page=\"\">\n\t<div class=\"fw-row wrap-forms wrap-contact-forms\">\n\t\t<form data-fw-form-id=\"fw_form\" method=\"post\" action=\"https:\/\/lasic-company.hr\/index.php?rest_route=%2Fwp%2Fv2%2Fpages%2F11\" class=\"fw_form_fw_form\" data-fw-ext-forms-type=\"contact-forms\"  ><input type=\"hidden\" name=\"fwf\" value=\"fw_form\" \/><input type=\"hidden\" id=\"_nonce_d705f91d4b5cdfd2878f25725266e6eb\" name=\"_nonce_d705f91d4b5cdfd2878f25725266e6eb\" value=\"3daddd9f96\" \/><input type=\"hidden\" name=\"_wp_http_referer\" value=\"\/index.php?rest_route=%2Fwp%2Fv2%2Fpages%2F11\" \/><input type=\"hidden\" name=\"fw_ext_forms_form_type\" value=\"contact-forms\" \/><input type=\"hidden\" name=\"fw_ext_forms_form_id\" value=\"d0cd570a362902a248dd7b476891a27b\" \/><div class=\"fw-row\"><\/div><div class=\"fw-row\"><div class=\"fw-col-xs-12 fw-col-sm-6 form-builder-item\">\n\t<div class=\"field-text\">\n\t\t\t\t\t<label for=\"id-1\">E-mail:\t\t\t\t\t\t\t<\/label>\n\t\t\t\t<input type=\"text\" name=\"email_e8fb881\" placeholder=\"\" value=\"\" id=\"id-1\" >\n\t\t\t<\/div>\n<\/div><div class=\"fw-col-xs-12 fw-col-sm-6 form-builder-item\">\n\t<div class=\"field-text\">\n\t\t\t\t\t<label for=\"id-2\">Telefon:\t\t\t\t\t\t\t<\/label>\n\t\t\t\t<input type=\"text\" name=\"text_4b16287\" placeholder=\"\" value=\"\" id=\"id-2\" >\n\t\t\t<\/div>\n<\/div><\/div><div class=\"fw-row\"><div class=\"fw-col-xs-12 form-builder-item\">\n\t<div class=\"field-text\">\n\t\t\t\t\t<label for=\"id-3\">Predmet:\t\t\t\t\t\t\t<\/label>\n\t\t\t\t<input type=\"text\" name=\"text_1c91910\" placeholder=\"\" value=\"\" id=\"id-3\" >\n\t\t\t<\/div>\n<\/div><\/div><div class=\"fw-row\"><div class=\"fw-col-xs-12 form-builder-item\">\n\t<div class=\"field-textarea\">\n\t\t\t\t\t<label for=\"id-4\">Poruka:\t\t\t\t\t\t\t<\/label>\n\t\t\t\t<textarea name=\"textarea_10340dd\" placeholder=\"\" id=\"id-4\" ><\/textarea>\n\t\t\t<\/div>\n<\/div><\/div><div class=\"fw-row\"><\/div><div class=\"fw-row\">\n\t\t\t<div class=\"fw-col-sm-12 field-submit text-center\">\n\t\t\t<button type=\"submit\" class=\"fw-btn  fw-btn-lg fw-btn-1\" style=\"\">\n\t\t\t\t<span>\n\t\t\t\t\t\t\t\t\t\t\t\u00a0 \u00a0 PO\u0160ALJI PORUKU  \u00a0 \u00a0\t\t\t\t\t\t\t\t\t<\/span>\n\t\t\t<\/button>\n\t\t<\/div>\n\t<\/div><\/form>\t<\/div>\n<\/div>\t\t<\/div>\n\t<\/div>\n<\/div><\/div>\n\n<div class=\"fw-row\">\n\t<div id=\"column-6a0952acc8f36\" class=\"fw-col-sm-12 tf-sh-bf8f846a3140a4d1601e09776311feaf  fw-animated-element\" data-animation-type=\"fadeInUp\" data-animation-delay=\"300\">\n\t<div class=\"fw-wrap-col-inner clearfix  \"   >\n\t\t\t\t<div class=\"fw-col-inner\">\n\t\t\t<div class=\"fw-heading fw-heading-center  tf-sh-e984c9a6d94c7ccd3112af3f1352aa90\" >\n\t\t\t<h6 class=\"fw-special-title\">LASI\u0106 COMPANY d.o.o. <br> <a href=\"#\" style=\"color: #ab1010;\">LASI\u0106 COMPANY, d.o.o. za gra\u0111evinarstvo<\/a><br>Glavina Donja, Glavina donja 468a<\/h6>\n\t\n\t\n\t<\/div>\t\t<\/div>\n\t<\/div>\n<\/div><\/div>\n\n\t<\/div>\n\t<\/section><\/p>\n","protected":false},"excerpt":{"rendered":"<p>DJELATNOSTI Usluge USLUGE LASI\u0106 COMPANY d.o.o. pru\u017ea usluge iz svog podru\u010dja djelatnosti, glavna i osnovna djelatnost je GRADITELJSTVO. Visokogradnja ru\u0161enje i demonta\u017ee pripremni radovi zemljani radovi zidarski radovi izolaterski radovi betonski i ab radovi armira\u010dki radovi tesarski radovi krovopokriva\u010dki radovi skelarski radovi KONTAKT Niskogradnja usluga rada gra\u0111evinskim strojevima: razni iskopi nasipavanja i zasipavanja terena valjanje [&hellip;]<\/p>\n","protected":false},"author":1,"featured_media":0,"parent":0,"menu_order":0,"comment_status":"closed","ping_status":"closed","template":"visual-builder-template.php","meta":{"footnotes":""},"class_list":["post-11","page","type-page","status-publish","hentry"],"brizy_media":[],"_links":{"self":[{"href":"https:\/\/lasic-company.hr\/index.php?rest_route=\/wp\/v2\/pages\/11","targetHints":{"allow":["GET"]}}],"collection":[{"href":"https:\/\/lasic-company.hr\/index.php?rest_route=\/wp\/v2\/pages"}],"about":[{"href":"https:\/\/lasic-company.hr\/index.php?rest_route=\/wp\/v2\/types\/page"}],"author":[{"embeddable":true,"href":"https:\/\/lasic-company.hr\/index.php?rest_route=\/wp\/v2\/users\/1"}],"replies":[{"embeddable":true,"href":"https:\/\/lasic-company.hr\/index.php?rest_route=%2Fwp%2Fv2%2Fcomments&post=11"}],"version-history":[{"count":35,"href":"https:\/\/lasic-company.hr\/index.php?rest_route=\/wp\/v2\/pages\/11\/revisions"}],"predecessor-version":[{"id":835,"href":"https:\/\/lasic-company.hr\/index.php?rest_route=\/wp\/v2\/pages\/11\/revisions\/835"}],"wp:attachment":[{"href":"https:\/\/lasic-company.hr\/index.php?rest_route=%2Fwp%2Fv2%2Fmedia&parent=11"}],"curies":[{"name":"wp","href":"https:\/\/api.w.org\/{rel}","templated":true}]}}